{"id":5891,"date":"2023-06-28T11:40:53","date_gmt":"2023-06-28T09:40:53","guid":{"rendered":"https:\/\/www.xarxamuseusciencies.cat\/aviso-legal\/"},"modified":"2024-03-19T12:46:47","modified_gmt":"2024-03-19T11:46:47","slug":"aviso-legal","status":"publish","type":"page","link":"https:\/\/www.xarxamuseusciencies.cat\/es\/aviso-legal\/","title":{"rendered":"Aviso legal"},"content":{"rendered":"<div class=\"gb-container gb-container-acd7b418 gb-container-seccio\">\n<div class=\"gb-container gb-container-c587ce9d gb-container-seccio-inner\">\n<div class=\"gb-container gb-container-0d918729 alignfull gb-container-titol-seccio-wrapper\">\n\n<h2 class=\"gb-headline gb-headline-13ac4107 gb-headline-titol-seccio\" data-title=\"Notas legales\"><span class=\"gb-icon\"><svg xmlns:xlink=\"http:\/\/www.w3.org\/1999\/xlink\" xmlns=\"http:\/\/www.w3.org\/2000\/svg\" version=\"1.1\" viewBox=\"0 0 30 1\" height=\"1px\" width=\"30px\"><g stroke-linecap=\"square\" fill-rule=\"evenodd\" fill=\"none\" stroke-width=\"1\" stroke=\"none\" id=\"Page-1\"><line stroke=\"CurrentColor\" id=\"line\" y2=\"1\" x2=\"30\" y1=\"1\" x1=\"1\"><\/line><\/g><\/svg><\/span><span class=\"gb-headline-text\">Notas legales<\/span><\/h2>\n\n<\/div>\n\n\n<h2 class=\"gb-headline gb-headline-085e4b09 gb-headline-text gb-headline-petit-ultra\">Condiciones de uso del sitio web:<\/h2>\n\n\n\n<h3 class=\"wp-block-heading\">1. Identificaci\u00f3n<\/h3>\n\n\n\n<p class=\"gb-headline gb-headline-cc9c65e0 gb-headline-text gb-headline-petit-ultra\">Este sitio web y su dominio corresponden al Consorcio del Museo de Ciencias Naturales de Barcelona (en adelante el Museo), con CIF Q0801897J y domicilio en la plaza Leonardo da Vinci, 4-5 de Barcelona (CP 08019), tel\u00e9fono 932 56 60 02 y direcci\u00f3n electr\u00f3nica <a href=\"mailto:museuciencies@bcn.cat\">museuciencies@bcn.cat<\/a>.<\/p>\n\n\n\n<h3 class=\"wp-block-heading\">2. En general<\/h3>\n\n\n\n<p class=\"gb-headline gb-headline-c3727b31 gb-headline-text gb-headline-petit-ultra\">Por el hecho de acceder a este sitio web y explorar su contenido, el usuario acepta sin reservas estas condiciones de uso.<br>Salvo que contravenga la legislaci\u00f3n aplicable, el Museo se reserva el derecho de alterar y actualizar la informaci\u00f3n contenida en esta web, en cualquier momento y sin previo aviso, y de cambiar su configuraci\u00f3n, presentaci\u00f3n y condiciones de uso. El usuario queda autom\u00e1ticamente obligado por estas condiciones de uso a partir del momento en que accede al sitio y debe estar al corriente de los cambios que se produzcan.<br>El usuario acepta su responsabilidad respecto a la forma de utilizar el sitio web, tanto sus contenidos como los servicios que ofrece. El usuario tambi\u00e9n es responsable ante el Museo y\/u otras partes de cualquier da\u00f1o que cause en el mismo si no respeta estas Condiciones de uso.<\/p>\n\n\n\n<p><\/p>\n\n\n\n<h3 class=\"wp-block-heading\">3. Informaci\u00f3n sobre los datos<\/h3>\n\n\n\n<p class=\"gb-headline gb-headline-f6e29364 gb-headline-text gb-headline-petit-ultra\">La informaci\u00f3n proporcionada por la web proviene de la actividad de los distintos departamentos que conforman el Museo de Ciencias Naturales de Barcelona.<\/p>\n\n\n\n<p class=\"gb-headline gb-headline-2e217e62 gb-headline-text gb-headline-petit-ultra\"><strong>Propiedad intelectual<\/strong><\/p>\n\n\n\n<p class=\"gb-headline gb-headline-68feda5a gb-headline-text gb-headline-petit-ultra\">El sitio web y sus contenidos, incluidos los textos, im\u00e1genes, dise\u00f1os o gr\u00e1ficos (los contenidos), se publican principalmente con el fin de informar de las actividades y servicios propios del Museo. Existen derechos de propiedad intelectual sobre algunos de los contenidos, derechos que corresponden o bien al Museo o a terceras personas que han autorizado su difusi\u00f3n por este medio.<\/p>\n\n\n\n<p class=\"gb-headline gb-headline-8b26fe16 gb-headline-text gb-headline-petit-ultra\">De forma general y salvo que se indique lo contrario expresamente en casos singulares, los contenidos se pueden reproducir, distribuir y comunicar p\u00fablicamente siempre que se hagan constar la procedencia y dem\u00e1s referencias identificativas que los identifican o describen. Los usos quedan autorizados por cualquier finalidad, salvo las de car\u00e1cter comercial o lucrativo. Para la utilizaci\u00f3n por este \u00faltimo uso es necesaria autorizaci\u00f3n expresa y por escrito del Museo. El Museo anima a utilizar los contenidos para fines educativos, de investigaci\u00f3n, estudio o difusi\u00f3n cultural.<\/p>\n\n\n\n<p class=\"gb-headline gb-headline-2f2e8fd1 gb-headline-text gb-headline-petit-ultra\">Los logotipos y otros dise\u00f1os o signos distintivos del Museo solo pueden ser reproducidos y utilizados previa autorizaci\u00f3n del Museo, o bien cuando se trate de identificar actividades o iniciativas que tienen el apoyo expl\u00edcito, la colaboraci\u00f3n o la participaci\u00f3n del Museo.<br>No se autorizan presentaciones de los contenidos de este sitio en una ventana ajena (framing) sin autorizaci\u00f3n expresa y por escrito del Museo.<br>El Museo no puede hacerse responsable de la informaci\u00f3n a la que se acceda desde enlaces a webs de otras personas o instituciones.<\/p>\n\n\n\n<p><\/p>\n\n\n\n<h3 class=\"wp-block-heading\">4. Acceso al sitio web<\/h3>\n\n\n\n<p class=\"gb-headline gb-headline-0f7fda94 gb-headline-text gb-headline-petit-ultra\">El Museo no es responsable ante el usuario de los da\u00f1os provocados por el uso de este sitio web ni por ninguna acci\u00f3n que se derive a partir de la informaci\u00f3n proporcionada.<br>El Museo no es responsable de ning\u00fan fallo de seguridad o desconexi\u00f3n que pueda ocurrir, ni de ning\u00fan da\u00f1o que se pueda producir en el dispositivo del usuario (hardware y software) o en cualquier carpeta o documento almacenado originado por la presencia de virus en el dispositivo del usuario. El Museo tampoco es responsable de ning\u00fan mal funcionamiento del navegador o del uso de una versi\u00f3n no actualizada del mismo.<\/p>\n\n\n\n<p><\/p>\n\n\n\n<h3 class=\"wp-block-heading\">5. Responsabilidad derivada de los enlaces web<\/h3>\n\n\n\n<p class=\"gb-headline gb-headline-c20a267f gb-headline-text gb-headline-petit-ultra\">El Museo no revisa los sitios web externos enlazados a Museuciencies, que son mantenidos por terceras partes que se encuentran fuera del control del Museo, el cual tampoco recomienda o aprueba sus contenidos. El Museo niega de forma expresa responsabilidad alguna por cualquier da\u00f1o sufrido por el usuario derivado de la informaci\u00f3n encontrada en estos sitios web.<\/p>\n\n\n\n<p><\/p>\n\n\n\n<h3 class=\"wp-block-heading\">6. Licencias y derechos de reproducci\u00f3n<\/h3>\n\n\n\n<p class=\"gb-headline gb-headline-ee4039df gb-headline-text gb-headline-petit-ultra\">Si no se indica lo contrario, los contenidos del sitio web Museuciencies se publican bajo una licencia<br>Creative Commons Attribution-NonCommercial 4.0 International\u00a0<a href=\"https:\/\/creativecommons.org\/licenses\/by-nc\/4.0\/\" target=\"_blank\" rel=\"noreferrer noopener\">(CC BY-NC 4.0)<\/a><\/p>\n\n\n\n<p class=\"gb-headline gb-headline-ceb7b5f9 gb-headline-text gb-headline-petit-ultra\">Esta licencia permite:<\/p>\n\n\n\n<ul class=\"wp-block-list\">\n<li>Copiar y redistribuir los contenidos en cualquier medio y formato.<\/li>\n\n\n\n<li>Modificar, combinar y construir nuevos contenidos a partir del material licenciado, a condici\u00f3n de:\n<ul class=\"wp-block-list\">\n<li>Citar su procedencia de forma clara y apropiada e indicar si se han aplicado modificaciones en los datos.<\/li>\n\n\n\n<li>Redistribuir los datos con una licencia equivalente a la aqu\u00ed referida, sin restricciones adicionales.<\/li>\n<\/ul>\n<\/li>\n<\/ul>\n\n<\/div>\n<\/div>","protected":false},"excerpt":{"rendered":"<p>Notas legales Condiciones de uso del sitio web: 1. Identificaci\u00f3n Este sitio web y su dominio corresponden al Consorcio del Museo de Ciencias Naturales de Barcelona (en adelante el Museo),<\/p>\n","protected":false},"author":2,"featured_media":0,"parent":0,"menu_order":0,"comment_status":"closed","ping_status":"closed","template":"","meta":{"_acf_changed":false,"CBBTypography":[],"footnotes":""},"class_list":["post-5891","page","type-page","status-publish"],"acf":[],"_links":{"self":[{"href":"https:\/\/www.xarxamuseusciencies.cat\/es\/wp-json\/wp\/v2\/pages\/5891","targetHints":{"allow":["GET"]}}],"collection":[{"href":"https:\/\/www.xarxamuseusciencies.cat\/es\/wp-json\/wp\/v2\/pages"}],"about":[{"href":"https:\/\/www.xarxamuseusciencies.cat\/es\/wp-json\/wp\/v2\/types\/page"}],"author":[{"embeddable":true,"href":"https:\/\/www.xarxamuseusciencies.cat\/es\/wp-json\/wp\/v2\/users\/2"}],"replies":[{"embeddable":true,"href":"https:\/\/www.xarxamuseusciencies.cat\/es\/wp-json\/wp\/v2\/comments?post=5891"}],"version-history":[{"count":3,"href":"https:\/\/www.xarxamuseusciencies.cat\/es\/wp-json\/wp\/v2\/pages\/5891\/revisions"}],"predecessor-version":[{"id":6499,"href":"https:\/\/www.xarxamuseusciencies.cat\/es\/wp-json\/wp\/v2\/pages\/5891\/revisions\/6499"}],"wp:attachment":[{"href":"https:\/\/www.xarxamuseusciencies.cat\/es\/wp-json\/wp\/v2\/media?parent=5891"}],"curies":[{"name":"wp","href":"https:\/\/api.w.org\/{rel}","templated":true}]}}